{"id":9452,"date":"2021-02-19T14:51:51","date_gmt":"2021-02-19T14:51:51","guid":{"rendered":"https:\/\/cbssummercamp.eu\/actividades-2\/"},"modified":"2025-06-19T13:44:19","modified_gmt":"2025-06-19T13:44:19","slug":"activities","status":"publish","type":"page","link":"https:\/\/cbssummercamp.eu\/en\/activities\/","title":{"rendered":"Actividades"},"content":{"rendered":"<div class=\"wpb-content-wrapper\"><p>[vc_row][vc_column]<div class=\"thim-widget-heading template-base\"><div class=\"sc_heading  text-center\"><h3 class=\"title\">Programa de Ingl\u00e9s<\/h3><span class=\"line\"><\/span><\/div><\/div>[\/vc_column][\/vc_row][vc_row][vc_column width=&#8221;1\/2&#8243;][vc_column_text]<\/p>\n<h2><span style=\"color: #218f00;\">Programa de ingl\u00e9s<\/span><\/h2>\n<p>CBS Summer Camp desarrolla un programa de ingl\u00e9s especializado en campamentos de verano. Nuestro objetivo es que los alumnos se familiaricen con este idioma de una manera din\u00e1mica y divertida. Es por ello, por el cu\u00e1l, en CBS Summer Camp no hay clases de ingl\u00e9s. El ingl\u00e9s lo aprende d\u00eda a d\u00eda a trav\u00e9s de rotaciones de actividades de deporte, multiaventura, talleres, piscina, veladas y muchos m\u00e1s. Una inmersi\u00f3n completa en ingl\u00e9s.<\/p>\n<p>Los campistas aprenden un ingl\u00e9s cotidiano y natural, el cual se utiliza d\u00eda a d\u00eda, familiariz\u00e1ndose con expresiones y vocabulario brit\u00e1nicos que se utilizan en un d\u00eda normal como por ejemplo: \u00bfte has lavado los dientes?, debes comerte la fruta, es hora de ir a la ducha, etc.[\/vc_column_text][\/vc_column][vc_column width=&#8221;1\/2&#8243;][vc_single_image image=&#8221;9658&#8243; img_size=&#8221;full&#8221; alignment=&#8221;center&#8221;][\/vc_column][\/vc_row][vc_row][vc_column]<div class=\"thim-widget-heading template-base\"><div class=\"sc_heading  text-center\"><h3 class=\"title\">Deportes<\/h3><span class=\"line\"><\/span><\/div><\/div>[\/vc_column][\/vc_row][vc_row][vc_column][vc_column_text]<\/p>\n<p style=\"text-align: center;\">CBS Summer Camp cuenta con un amplio programa de deportes que se desarrollan en nuestro campamento con monitores titulados y especializado en estas \u00e1reas. Tenemos unas magnificas instalaciones con numerosas pistas para poder practicar todos estos deportes.<\/p>\n<p style=\"text-align: center;\">A continuaci\u00f3n pueden encontrar la gran variedad de deportes que practicamos en nuestro CBS Summer Camp:<\/p>\n<p>[\/vc_column_text][\/vc_column][\/vc_row][vc_row][vc_column width=&#8221;1\/6&#8243;]<div class=\"thim-widget-icon-box template-base\"><div class=\"wrapper-box-icon has_custom_image text-center \" ><div class=\"smicon-box iconbox-top\"><div class=\"boxes-icon\"><span class=\"inner-icon\"><span class=\"icon icon-images\"><img decoding=\"async\" src=\"https:\/\/cbssummercamp.eu\/wp-content\/themes\/eduma\/images\/demo_images\/demo_image.jpg\" alt=\"\" title=\"\"><\/span><\/span><\/span><\/div><div class=\"content-inner\"><div class=\"sc-heading article_heading\"><h3 class = \"heading__primary\" >Soccer<\/h3><\/div><\/div><\/div><\/div><\/div>[\/vc_column][vc_column width=&#8221;1\/6&#8243;]<div class=\"thim-widget-icon-box template-base\"><div class=\"wrapper-box-icon has_custom_image text-center \" ><div class=\"smicon-box iconbox-top\"><div class=\"boxes-icon\"><span class=\"inner-icon\"><span class=\"icon icon-images\"><img decoding=\"async\" src=\"https:\/\/cbssummercamp.eu\/wp-content\/themes\/eduma\/images\/demo_images\/demo_image.jpg\" alt=\"\" title=\"\"><\/span><\/span><\/span><\/div><div class=\"content-inner\"><div class=\"sc-heading article_heading\"><h3 class = \"heading__primary\" >Baloncesto<\/h3><\/div><\/div><\/div><\/div><\/div>[\/vc_column][vc_column width=&#8221;1\/6&#8243;]<div class=\"thim-widget-icon-box template-base\"><div class=\"wrapper-box-icon has_custom_image text-center \" ><div class=\"smicon-box iconbox-top\"><div class=\"boxes-icon\"><span class=\"inner-icon\"><span class=\"icon icon-images\"><img decoding=\"async\" src=\"https:\/\/cbssummercamp.eu\/wp-content\/themes\/eduma\/images\/demo_images\/demo_image.jpg\" alt=\"\" title=\"\"><\/span><\/span><\/span><\/div><div class=\"content-inner\"><div class=\"sc-heading article_heading\"><h3 class = \"heading__primary\" >Hockey<\/h3><\/div><\/div><\/div><\/div><\/div>[\/vc_column][vc_column width=&#8221;1\/6&#8243;]<div class=\"thim-widget-icon-box template-base\"><div class=\"wrapper-box-icon has_custom_image text-center \" ><div class=\"smicon-box iconbox-top\"><div class=\"boxes-icon\"><span class=\"inner-icon\"><span class=\"icon icon-images\"><img decoding=\"async\" src=\"https:\/\/cbssummercamp.eu\/wp-content\/themes\/eduma\/images\/demo_images\/demo_image.jpg\" alt=\"\" title=\"\"><\/span><\/span><\/span><\/div><div class=\"content-inner\"><div class=\"sc-heading article_heading\"><h3 class = \"heading__primary\" >Natacion<\/h3><\/div><\/div><\/div><\/div><\/div>[\/vc_column][vc_column width=&#8221;1\/6&#8243;]<div class=\"thim-widget-icon-box template-base\"><div class=\"wrapper-box-icon has_custom_image text-center \" ><div class=\"smicon-box iconbox-top\"><div class=\"boxes-icon\"><span class=\"inner-icon\"><span class=\"icon icon-images\"><img decoding=\"async\" src=\"https:\/\/cbssummercamp.eu\/wp-content\/themes\/eduma\/images\/demo_images\/demo_image.jpg\" alt=\"\" title=\"\"><\/span><\/span><\/span><\/div><div class=\"content-inner\"><div class=\"sc-heading article_heading\"><h3 class = \"heading__primary\" >Voleibol<\/h3><\/div><\/div><\/div><\/div><\/div>[\/vc_column][vc_column width=&#8221;1\/6&#8243;]<div class=\"thim-widget-icon-box template-base\"><div class=\"wrapper-box-icon has_custom_image text-center \" ><div class=\"smicon-box iconbox-top\"><div class=\"boxes-icon\"><span class=\"inner-icon\"><span class=\"icon icon-images\"><img decoding=\"async\" src=\"https:\/\/cbssummercamp.eu\/wp-content\/themes\/eduma\/images\/demo_images\/demo_image.jpg\" alt=\"\" title=\"\"><\/span><\/span><\/span><\/div><div class=\"content-inner\"><div class=\"sc-heading article_heading\"><h3 class = \"heading__primary\" >Tenis de mesa<\/h3><\/div><\/div><\/div><\/div><\/div>[\/vc_column][\/vc_row][vc_row][vc_column width=&#8221;1\/6&#8243;]<div class=\"thim-widget-icon-box template-base\"><div class=\"wrapper-box-icon has_custom_image text-center \" ><div class=\"smicon-box iconbox-top\"><div class=\"boxes-icon\"><span class=\"inner-icon\"><span class=\"icon icon-images\"><img decoding=\"async\" src=\"https:\/\/cbssummercamp.eu\/wp-content\/themes\/eduma\/images\/demo_images\/demo_image.jpg\" alt=\"\" title=\"\"><\/span><\/span><\/span><\/div><div class=\"content-inner\"><div class=\"sc-heading article_heading\"><h3 class = \"heading__primary\" >Tenis<\/h3><\/div><\/div><\/div><\/div><\/div>[\/vc_column][vc_column width=&#8221;1\/6&#8243;]<div class=\"thim-widget-icon-box template-base\"><div class=\"wrapper-box-icon has_custom_image text-center \" ><div class=\"smicon-box iconbox-top\"><div class=\"boxes-icon\"><span class=\"inner-icon\"><span class=\"icon icon-images\"><img decoding=\"async\" src=\"https:\/\/cbssummercamp.eu\/wp-content\/themes\/eduma\/images\/demo_images\/demo_image.jpg\" alt=\"\" title=\"\"><\/span><\/span><\/span><\/div><div class=\"content-inner\"><div class=\"sc-heading article_heading\"><h3 class = \"heading__primary\" >Badminton<\/h3><\/div><\/div><\/div><\/div><\/div>[\/vc_column][vc_column width=&#8221;1\/6&#8243;]<div class=\"thim-widget-icon-box template-base\"><div class=\"wrapper-box-icon has_custom_image text-center \" ><div class=\"smicon-box iconbox-top\"><div class=\"boxes-icon\"><span class=\"inner-icon\"><span class=\"icon icon-images\"><img decoding=\"async\" src=\"https:\/\/cbssummercamp.eu\/wp-content\/themes\/eduma\/images\/demo_images\/demo_image.jpg\" alt=\"\" title=\"\"><\/span><\/span><\/span><\/div><div class=\"content-inner\"><div class=\"sc-heading article_heading\"><h3 class = \"heading__primary\" >Ciclismo<\/h3><\/div><\/div><\/div><\/div><\/div>[\/vc_column][vc_column width=&#8221;1\/6&#8243;]<div class=\"thim-widget-icon-box template-base\"><div class=\"wrapper-box-icon has_custom_image text-center \" ><div class=\"smicon-box iconbox-top\"><div class=\"boxes-icon\"><span class=\"inner-icon\"><span class=\"icon icon-images\"><img decoding=\"async\" src=\"https:\/\/cbssummercamp.eu\/wp-content\/themes\/eduma\/images\/demo_images\/demo_image.jpg\" alt=\"\" title=\"\"><\/span><\/span><\/span><\/div><div class=\"content-inner\"><div class=\"sc-heading article_heading\"><h3 class = \"heading__primary\" >Beisbol<\/h3><\/div><\/div><\/div><\/div><\/div>[\/vc_column][vc_column width=&#8221;1\/6&#8243;]<div class=\"thim-widget-icon-box template-base\"><div class=\"wrapper-box-icon has_custom_image text-center \" ><div class=\"smicon-box iconbox-top\"><div class=\"boxes-icon\"><span class=\"inner-icon\"><span class=\"icon icon-images\"><img decoding=\"async\" src=\"https:\/\/cbssummercamp.eu\/wp-content\/themes\/eduma\/images\/demo_images\/demo_image.jpg\" alt=\"\" title=\"\"><\/span><\/span><\/span><\/div><div class=\"content-inner\"><div class=\"sc-heading article_heading\"><h3 class = \"heading__primary\" >Atletismo<\/h3><\/div><\/div><\/div><\/div><\/div>[\/vc_column][vc_column width=&#8221;1\/6&#8243;]<div class=\"thim-widget-icon-box template-base\"><div class=\"wrapper-box-icon has_custom_image text-center \" ><div class=\"smicon-box iconbox-top\"><div class=\"boxes-icon\"><span class=\"inner-icon\"><span class=\"icon icon-images\"><img decoding=\"async\" src=\"https:\/\/cbssummercamp.eu\/wp-content\/themes\/eduma\/images\/demo_images\/demo_image.jpg\" alt=\"\" title=\"\"><\/span><\/span><\/span><\/div><div class=\"content-inner\"><div class=\"sc-heading article_heading\"><h3 class = \"heading__primary\" >Waterpolo<\/h3><\/div><\/div><\/div><\/div><\/div>[\/vc_column][\/vc_row][vc_row][vc_column]<div class=\"thim-widget-heading template-base\"><div class=\"sc_heading  text-center\"><h3 class=\"title\">Actividades de multiaventura<\/h3><span class=\"line\"><\/span><\/div><\/div>[\/vc_column][\/vc_row][vc_row][vc_column][vc_column_text]<\/p>\n<p style=\"text-align: center;\">Durante el campamento, los ni\u00f1os disfrutar\u00e1n de divertidas actividades de multiaventura y para potenciar el trabajo en equipo.<\/p>\n<p style=\"text-align: center;\">Adem\u00e1s, un d\u00eda visitaremos unas instalaciones especializada en actividades multiaventura donde podr\u00e1n realizar actividades como escalada en red, puente de monos, tirolina, cuadrigas, tiro con arco y mucho m\u00e1s.<\/p>\n<p>[\/vc_column_text][\/vc_column][\/vc_row][vc_row][vc_column width=&#8221;1\/6&#8243;]<div class=\"thim-widget-icon-box template-base\"><div class=\"wrapper-box-icon has_custom_image text-center \" ><div class=\"smicon-box iconbox-top\"><div class=\"boxes-icon\"><span class=\"inner-icon\"><span class=\"icon icon-images\"><img decoding=\"async\" src=\"https:\/\/cbssummercamp.eu\/wp-content\/themes\/eduma\/images\/demo_images\/demo_image.jpg\" alt=\"\" title=\"\"><\/span><\/span><\/span><\/div><div class=\"content-inner\"><div class=\"sc-heading article_heading\"><h3 class = \"heading__primary\" >Escalada<\/h3><\/div><\/div><\/div><\/div><\/div>[\/vc_column][vc_column width=&#8221;1\/6&#8243;]<div class=\"thim-widget-icon-box template-base\"><div class=\"wrapper-box-icon has_custom_image text-center \" ><div class=\"smicon-box iconbox-top\"><div class=\"boxes-icon\"><span class=\"inner-icon\"><span class=\"icon icon-images\"><img decoding=\"async\" src=\"https:\/\/cbssummercamp.eu\/wp-content\/themes\/eduma\/images\/demo_images\/demo_image.jpg\" alt=\"\" title=\"\"><\/span><\/span><\/span><\/div><div class=\"content-inner\"><div class=\"sc-heading article_heading\"><h3 class = \"heading__primary\" >Senderismo<\/h3><\/div><\/div><\/div><\/div><\/div>[\/vc_column][vc_column width=&#8221;1\/6&#8243;]<div class=\"thim-widget-icon-box template-base\"><div class=\"wrapper-box-icon has_custom_image text-center \" ><div class=\"smicon-box iconbox-top\"><div class=\"boxes-icon\"><span class=\"inner-icon\"><span class=\"icon icon-images\"><img decoding=\"async\" src=\"https:\/\/cbssummercamp.eu\/wp-content\/themes\/eduma\/images\/demo_images\/demo_image.jpg\" alt=\"\" title=\"\"><\/span><\/span><\/span><\/div><div class=\"content-inner\"><div class=\"sc-heading article_heading\"><h3 class = \"heading__primary\" >Ciclismo<\/h3><\/div><\/div><\/div><\/div><\/div>[\/vc_column][vc_column width=&#8221;1\/6&#8243;]<div class=\"thim-widget-icon-box template-base\"><div class=\"wrapper-box-icon has_custom_image text-center \" ><div class=\"smicon-box iconbox-top\"><div class=\"boxes-icon\"><span class=\"inner-icon\"><span class=\"icon icon-images\"><img decoding=\"async\" src=\"https:\/\/cbssummercamp.eu\/wp-content\/themes\/eduma\/images\/demo_images\/demo_image.jpg\" alt=\"\" title=\"\"><\/span><\/span><\/span><\/div><div class=\"content-inner\"><div class=\"sc-heading article_heading\"><h3 class = \"heading__primary\" >Roc\u00f3dromo<\/h3><\/div><\/div><\/div><\/div><\/div>[\/vc_column][vc_column width=&#8221;1\/6&#8243;]<div class=\"thim-widget-icon-box template-base\"><div class=\"wrapper-box-icon has_custom_image text-center \" ><div class=\"smicon-box iconbox-top\"><div class=\"boxes-icon\"><span class=\"inner-icon\"><span class=\"icon icon-images\"><img loading=\"lazy\" decoding=\"async\" src=\"https:\/\/cbssummercamp.eu\/wp-content\/uploads\/2018\/04\/map.png\" alt=\"orientaci\u00f3n-cbs-summer-camp\" width=\"512\" height=\"512\" title=\"\"><\/span><\/span><\/span><\/div><div class=\"content-inner\"><div class=\"sc-heading article_heading\"><h3 class = \"heading__primary\" >Orientaci\u00f3n<\/h3><\/div><\/div><\/div><\/div><\/div>[\/vc_column][vc_column width=&#8221;1\/6&#8243;]<div class=\"thim-widget-icon-box template-base\"><div class=\"wrapper-box-icon has_custom_image text-center \" ><div class=\"smicon-box iconbox-top\"><div class=\"boxes-icon\"><span class=\"inner-icon\"><span class=\"icon icon-images\"><img decoding=\"async\" src=\"https:\/\/cbssummercamp.eu\/wp-content\/themes\/eduma\/images\/demo_images\/demo_image.jpg\" alt=\"\" title=\"\"><\/span><\/span><\/span><\/div><div class=\"content-inner\"><div class=\"sc-heading article_heading\"><h3 class = \"heading__primary\" >Kayak<\/h3><\/div><\/div><\/div><\/div><\/div>[\/vc_column][\/vc_row][vc_row][vc_column]<div class=\"thim-widget-heading template-base\"><div class=\"sc_heading  text-center\"><h3 class=\"title\">Veladas Nocturnas<\/h3><span class=\"line\"><\/span><\/div><\/div>[\/vc_column][\/vc_row][vc_row][vc_column width=&#8221;1\/2&#8243;][vc_single_image image=&#8221;7150&#8243; img_size=&#8221;large&#8221; alignment=&#8221;center&#8221;][\/vc_column][vc_column width=&#8221;1\/2&#8243;][vc_column_text]Despu\u00e9s de un largo d\u00eda con gran variedad de actividades de aventura, deportes, talleres, etc., los campistas disfrutan de una magn\u00edfica velada nocturna con muchas sorpresas.<\/p>\n<p>Karaoke, T\u00fa s\u00ed que vales, Furor, Conciertos en directo, Noche de cine, nuestra noche tem\u00e1tica, En busca del tesoro del Pirata Garrapata, y por supuesto, nuestra noche de Globos de Oro y de discoteca, son muchas de las veladas nocturnas que los campistas pueden disfrutar en el CBS Summer Camp.<\/p>\n<p>Los campistas se divierten y socializan afianzando la seguridad en s\u00ed mismos.<\/p>\n<div id=\"gtx-trans\" style=\"position: absolute; left: -238px; top: -10px;\">\n<div class=\"gtx-trans-icon\"><\/div>\n<\/div>\n<p>[\/vc_column_text][\/vc_column][\/vc_row][vc_row][vc_column]<div class=\"thim-widget-heading template-base\"><div class=\"sc_heading  text-center\"><h3 class=\"title\">Excursiones<\/h3><span class=\"line\"><\/span><\/div><\/div>[vc_column_text]<span class=\"JsGRdQ\">During the camp we enjoy different excursions, such as a multi-adventure day, a day at the sailing school, etc. The goal of our excursions is for our campers to have a fun and unique experience outside of the facilities. The places we go to are always safe environments where the children are supervised at all times by our staff.  <\/span>[\/vc_column_text][\/vc_column][\/vc_row][vc_row][vc_column][vc_tta_tabs shape=&#8221;square&#8221; color=&#8221;green&#8221; active_section=&#8221;1&#8243;][vc_tta_section title=&#8221;Escuela de vela Kanela Park&#8221; tab_id=&#8221;kanelapark&#8221;][vc_row_inner][vc_column_inner width=&#8221;1\/2&#8243;][vc_column_text]<\/p>\n<h2><strong>Escuela de Vela Kanela Park<\/strong><\/h2>\n<p class=\"western\" lang=\"es-ES\">Kanela Sailing School es una escuela de vela con dos sedes situadas en Isla Canela y Punta del Moral (Ayamonte, Huelva) y realizan actividades desde el a\u00f1o 2002. Sus sedes est\u00e1n situadas en un marco incomparable de Andaluc\u00eda para actividades n\u00e1uticas, ya que se encuentran situadas en playas con aguas poco profundas, resguardadas de corrientes y olas por una barrera natural de arena. As\u00ed mismo por su situaci\u00f3n geogr\u00e1fica suele haber una brisa constante perfecta para la iniciaci\u00f3n a la vela.<\/p>\n<p class=\"western\" lang=\"es-ES\">Las principales actividades que realizan en esta excursi\u00f3n son: Catamar\u00e1n, Windsurf, Piragua, Paddle surf, Surf, Kitesurf y Catamaranes infantiles. Con las cuales, abarcan a todas las edades e inquietudes<\/p>\n<p>[\/vc_column_text][\/vc_column_inner][vc_column_inner width=&#8221;1\/2&#8243;][vc_single_image image=&#8221;7141&#8243; img_size=&#8221;full&#8221;][\/vc_column_inner][\/vc_row_inner][\/vc_tta_section][vc_tta_section title=&#8221;Isla M\u00e1gica&#8221; tab_id=&#8221;islamagica&#8221;][vc_row_inner][vc_column_inner width=&#8221;1\/2&#8243;][vc_gallery interval=&#8221;3&#8243; images=&#8221;9127,7136&#8243; img_size=&#8221;full&#8221;][\/vc_column_inner][vc_column_inner width=&#8221;1\/2&#8243;][vc_column_text]<\/p>\n<h2><strong>Isla M\u00e1gica<\/strong><\/h2>\n<p>Un d\u00eda durante el campamento, los campistas visitan las instalaciones de Isla M\u00e1gica en Sevilla donde disfrutar\u00e1n de una divertida jornada con sus compa\u00f1eros en las atracciones.<\/p>\n<p><b>Isla Magica<\/b> is a theme park located in Seville, set in the discovery of America and opened in 1997. Se form\u00f3 aprovechando algunas instalaciones de la Exposici\u00f3n Universal de 1992. El parque cuenta con 6 zonas tem\u00e1ticas y con una zona acu\u00e1tica llamada Agua M\u00e1gica. <sup id=\"cite_ref-2\" class=\"reference separada\"><\/sup>En el momento de su apertura fue el primer parque tem\u00e1tico situado en una ciudad en todo el mundo,<sup id=\"cite_ref-noticia_3-0\" class=\"reference separada\"><\/sup>\u200b ya que normalmente se encuentran apartados de los n\u00facleos urbanos.[\/vc_column_text][\/vc_column_inner][\/vc_row_inner][\/vc_tta_section][vc_tta_section title=&#8221;Multiaventura&#8221; tab_id=&#8221;multiaventura&#8221;][vc_row_inner][vc_column_inner width=&#8221;1\/2&#8243;][vc_column_text]<\/p>\n<h2>D\u00eda de Multiaventura<\/h2>\n<p>Los campistas disfrutar\u00e1n de una jornada completa de aventura donde podr\u00e1n disfrutar de divertidas actividades en unas instalaciones en la naturaleza.<\/p>\n<p>Participaran en actividades como:<\/p>\n<ul>\n<li>Escalada en red<\/li>\n<li>Paintball<\/li>\n<li>Puente de monos<\/li>\n<li>Tirolina<\/li>\n<li>Skis cooperativos<\/li>\n<li>Las cu\u00e1drigas<\/li>\n<li>Tiro con arco<\/li>\n<li>Tiro con cerbatana<\/li>\n<li>Escalada horizontal y telara\u00f1a<\/li>\n<li>Carrera de sacos cooperativos<\/li>\n<\/ul>\n<p>[\/vc_column_text][\/vc_column_inner][vc_column_inner width=&#8221;1\/2&#8243;][vc_single_image image=&#8221;7140&#8243; img_size=&#8221;full&#8221;][\/vc_column_inner][\/vc_row_inner][\/vc_tta_section][\/vc_tta_tabs][\/vc_column][\/vc_row]<\/p>\n<\/div>","protected":false},"excerpt":{"rendered":"<p>[vc_row][vc_column][\/vc_column][\/vc_row][vc_row][vc_column width=&#8221;1\/2&#8243;][vc_column_text] Programa de ingl\u00e9s CBS Summer Camp desarrolla un programa de ingl\u00e9s especializado en campamentos de verano. Nuestro objetivo es que los alumnos se familiaricen con este idioma de una manera din\u00e1mica y divertida. Es por ello, por el &hellip; <\/p>\n","protected":false},"author":2,"featured_media":0,"parent":0,"menu_order":0,"comment_status":"closed","ping_status":"closed","template":"","meta":{"rs_blank_template":"","rs_page_bg_color":"","slide_template_v7":"","_joinchat":[],"footnotes":""},"class_list":["post-9452","page","type-page","status-publish","hentry"],"_links":{"self":[{"href":"https:\/\/cbssummercamp.eu\/en\/wp-json\/wp\/v2\/pages\/9452","targetHints":{"allow":["GET"]}}],"collection":[{"href":"https:\/\/cbssummercamp.eu\/en\/wp-json\/wp\/v2\/pages"}],"about":[{"href":"https:\/\/cbssummercamp.eu\/en\/wp-json\/wp\/v2\/types\/page"}],"author":[{"embeddable":true,"href":"https:\/\/cbssummercamp.eu\/en\/wp-json\/wp\/v2\/users\/2"}],"replies":[{"embeddable":true,"href":"https:\/\/cbssummercamp.eu\/en\/wp-json\/wp\/v2\/comments?post=9452"}],"version-history":[{"count":5,"href":"https:\/\/cbssummercamp.eu\/en\/wp-json\/wp\/v2\/pages\/9452\/revisions"}],"predecessor-version":[{"id":11100,"href":"https:\/\/cbssummercamp.eu\/en\/wp-json\/wp\/v2\/pages\/9452\/revisions\/11100"}],"wp:attachment":[{"href":"https:\/\/cbssummercamp.eu\/en\/wp-json\/wp\/v2\/media?parent=9452"}],"curies":[{"name":"wp","href":"https:\/\/api.w.org\/{rel}","templated":true}]}}