{"id":9396,"date":"2021-02-18T20:47:19","date_gmt":"2021-02-18T20:47:19","guid":{"rendered":"https:\/\/cbssummercamp.eu\/carta-de-la-directora\/"},"modified":"2026-02-11T10:15:40","modified_gmt":"2026-02-11T08:15:40","slug":"letter-from-our-director","status":"publish","type":"page","link":"https:\/\/cbssummercamp.eu\/en\/letter-from-our-director\/","title":{"rendered":"Carta de la directora"},"content":{"rendered":"<div class=\"wpb-content-wrapper\"><p>[vc_row][vc_column]<div class=\"thim-widget-heading template-base\"><div class=\"sc_heading  text-center\"><h3 class=\"title\">Carta de bienvenida de nuestra directora<\/h3><p class=\"sub-heading\" style=\"\">Miss Samantha<\/p><span class=\"line\"><\/span><\/div><\/div>[vc_row_inner][vc_column_inner width=&#8221;1\/4&#8243;][vc_single_image image=&#8221;13846&#8243; img_size=&#8221;full&#8221; css=&#8221;&#8221;][vc_column_text]<\/p>\n<h3 style=\"margin-bottom: 0px;\"><strong><span style=\"color: #218f00;\">Samantha Clewer<\/span><\/strong><\/h3>\n<h5><strong><span style=\"color: #000000;\">Directora de CBS Summer Camp<\/span><\/strong><\/h5>\n<p>[\/vc_column_text][\/vc_column_inner][vc_column_inner width=&#8221;3\/4&#8243;][vc_column_text]<i>Queridos padres,<\/i><\/p>\n<p><i>Desde que se inici\u00f3 la idea del CBS Summer Camp, \u00e9ste se concibi\u00f3 como un proyecto de futuro, diferente a lo establecido hasta ahora en la l\u00ednea educativa de idiomas como segundo idioma.<\/i><\/p>\n<p><i>Nuestro campamento fue fundado en 2009 partiendo de una gran ilusi\u00f3n por dar a la ense\u00f1anza del ingl\u00e9s un nuevo enfoque, a trav\u00e9s de unas divertidas y plenas vacaciones de verano con gran variedad de actividades, y, por supuesto, todas en ingl\u00e9s. Se concibi\u00f3 como una forma divertida para todos los ni\u00f1os de aprender un nuevo idioma.  <\/i><\/p>\n<p>Desde que comenz\u00f3 esta nueva idea en 2009, ideada por CBS, The British School of seville, comenc\u00e9 a sentirme madre no solo de mis tres hijos, sino de cada uno de los ni\u00f1os que han pasado por nuestros campamentos, y siguen repitiendo a\u00f1o tras a\u00f1o, y que esperamos ansiosos por volver a verlos en el pr\u00f3ximo verano. El CBS Summer Camp no es m\u00e1s que una gran familia que disfrutan de unas vacaciones divertidas y, por supuesto, mejorando su ingl\u00e9s. <\/p>\n<p><i>Contamos con un equipo de monitores<\/i> <i>nativos y biling\u00fces, con gran experiencia<\/i> <i>en la ense\u00f1anza del ingl\u00e9s a trav\u00e9s de din\u00e1micas y gran variedad de actividad. Cada uno se inspira en su amplia formaci\u00f3n, conocimiento y contacto con el mundo de habla inglesa. La comunicaci\u00f3n y el trabajo en equipo son claves para nosotros.   <\/i><\/p>\n<p>\u200b<i>La filosof\u00eda de nuestro centro radica en la ense\u00f1anza del idioma de una manera divertida y atractiva para los alumnos con el fin de que consigan expresarse en ingl\u00e9s en cualquier situaci\u00f3n comunicativa. Creamos un contexto de inmersi\u00f3n en el que en el campamento solo se hanla \u00edntegramente en ingl\u00e9s.  <\/i><\/p>\n<p><i>\u00a1As\u00ed que les animamos a conocer nuestra pasi\u00f3n por la ense\u00f1anza del ingl\u00e9s!<\/i>[\/vc_column_text][\/vc_column_inner][\/vc_row_inner][\/vc_column][\/vc_row]<\/p>\n<\/div>","protected":false},"excerpt":{"rendered":"<p>[vc_row][vc_column][vc_row_inner][vc_column_inner width=&#8221;1\/4&#8243;][vc_single_image image=&#8221;13846&#8243; img_size=&#8221;full&#8221; css=&#8221;&#8221;][vc_column_text] Samantha Clewer Directora de CBS Summer Camp [\/vc_column_text][\/vc_column_inner][vc_column_inner width=&#8221;3\/4&#8243;][vc_column_text]Queridos padres, Desde que se inici\u00f3 la idea del CBS Summer Camp, \u00e9ste se concibi\u00f3 como un proyecto de futuro, diferente a lo establecido hasta ahora en &hellip; <\/p>\n","protected":false},"author":2,"featured_media":0,"parent":0,"menu_order":0,"comment_status":"closed","ping_status":"closed","template":"","meta":{"rs_blank_template":"","rs_page_bg_color":"","slide_template_v7":"","_joinchat":[],"footnotes":""},"class_list":["post-9396","page","type-page","status-publish","hentry"],"_links":{"self":[{"href":"https:\/\/cbssummercamp.eu\/en\/wp-json\/wp\/v2\/pages\/9396","targetHints":{"allow":["GET"]}}],"collection":[{"href":"https:\/\/cbssummercamp.eu\/en\/wp-json\/wp\/v2\/pages"}],"about":[{"href":"https:\/\/cbssummercamp.eu\/en\/wp-json\/wp\/v2\/types\/page"}],"author":[{"embeddable":true,"href":"https:\/\/cbssummercamp.eu\/en\/wp-json\/wp\/v2\/users\/2"}],"replies":[{"embeddable":true,"href":"https:\/\/cbssummercamp.eu\/en\/wp-json\/wp\/v2\/comments?post=9396"}],"version-history":[{"count":5,"href":"https:\/\/cbssummercamp.eu\/en\/wp-json\/wp\/v2\/pages\/9396\/revisions"}],"predecessor-version":[{"id":14325,"href":"https:\/\/cbssummercamp.eu\/en\/wp-json\/wp\/v2\/pages\/9396\/revisions\/14325"}],"wp:attachment":[{"href":"https:\/\/cbssummercamp.eu\/en\/wp-json\/wp\/v2\/media?parent=9396"}],"curies":[{"name":"wp","href":"https:\/\/api.w.org\/{rel}","templated":true}]}}